{"id":125,"date":"2024-07-31T00:00:57","date_gmt":"2024-07-31T00:00:57","guid":{"rendered":"https:\/\/alpha-pmconsulting.com\/?page_id=125"},"modified":"2024-10-26T05:16:01","modified_gmt":"2024-10-26T05:16:01","slug":"joint-solutions-for-specific-challenges","status":"publish","type":"page","link":"https:\/\/alpha-pmconsulting.com\/es\/services\/corporate-retreats\/joint-solutions-for-specific-challenges\/","title":{"rendered":"Joint Solutions for Specific Challenges"},"content":{"rendered":"<div id=\"dslc-theme-content\"><div id=\"dslc-theme-content-inner\"><div id=\"dslc-main\">\n<div  class=\"dslc-modules-section\" style=\"padding-bottom:100px;padding-top:100px;\" data-section-id=\"d754cb424c7\">\n<div class=\"dslc-modules-section-wrapper dslc-clearfix\">\n<style type=\"text\/css\" id=\"dslca-modules-area-\"><\/style>\n<div  class=\"dslc-modules-area dslc-col dslc-12-col dslc-last-col dslc-valign-\" data-size=\"12\" data-valign=\"\" data-modules-area-id=\"\" >\n<div id=\"dslc-module-e739405beb2\" class=\"dslc-module-front dslc-module-DSLC_Text_Simple dslc-in-viewport-check dslc-in-viewport-anim-none  dslc-col dslc-12-col dslc-last-col  dslc-module-handle-like-regular\" data-module-id=\"e739405beb2\" data-module=\"DSLC_Text_Simple\" data-dslc-module-size=\"12\" data-dslc-anim=\"none\" data-dslc-anim-delay=\"\" data-dslc-anim-duration=\"650\"  data-dslc-anim-easing=\"ease\" data-dslc-preset=\"none\" >\n<div class=\"dslc-text-module-content\">\n<p>\u2190 <a href=\"https:\/\/alpha-pmconsulting.com\/es\/services\/corporate-retreats\/\">Regresar a Retiros Corporativos<\/a><\/p>\n<h1>\u00a0<\/h1>\n<h1>Soluciones conjuntas para desaf\u00edos espec\u00edficos<\/h1>\n<\/p><\/div>\n<\/p><\/div>\n<p><!-- .dslc-module --><\/p>\n<div id=\"dslc-module-ea2bb1fc112\" class=\"dslc-module-front dslc-module-DSLC_Shortcode dslc-in-viewport-check dslc-in-viewport-anim-none  dslc-col dslc-12-col dslc-last-col  dslc-module-handle-like-regular\" data-module-id=\"ea2bb1fc112\" data-module=\"DSLC_Shortcode\" data-dslc-module-size=\"12\" data-dslc-anim=\"none\" data-dslc-anim-delay=\"\" data-dslc-anim-duration=\"650\"  data-dslc-anim-easing=\"ease\" data-dslc-preset=\"none\" >\n<div class=\"dslc-module-shortcode\">\n\t\t\t\t\t<\/div>\n<\/p><\/div>\n<p><!-- .dslc-module --><\/p>\n<div id=\"dslc-module-580f60b9655\" class=\"dslc-module-front dslc-module-DSLC_Separator dslc-in-viewport-check dslc-in-viewport-anim-none  dslc-col dslc-12-col dslc-last-col dslc-hide-on-phone  dslc-module-handle-like-regular\" data-module-id=\"580f60b9655\" data-module=\"DSLC_Separator\" data-dslc-module-size=\"12\" data-dslc-anim=\"none\" data-dslc-anim-delay=\"\" data-dslc-anim-duration=\"650\"  data-dslc-anim-easing=\"ease\" data-dslc-preset=\"none\" >\n<div class=\"dslc-separator-wrapper\">\n<div class=\"dslc-separator dslc-separator-style-invisible\">\n\t\t\t\t\t\t\t\t\t<\/div>\n<div><\/div>\n<\/p><\/div>\n<p><!-- .dslc-separator-wrapper --><\/p><\/div>\n<p><!-- .dslc-module --><\/p>\n<div id=\"dslc-module-k07lbel4mk4\" class=\"dslc-module-front dslc-module-DSLC_Separator dslc-in-viewport-check dslc-in-viewport-anim-none  dslc-col dslc-1-col dslc-hide-on-phone  dslc-module-handle-like-regular\" data-module-id=\"k07lbel4mk4\" data-module=\"DSLC_Separator\" data-dslc-module-size=\"1\" data-dslc-anim=\"none\" data-dslc-anim-delay=\"\" data-dslc-anim-duration=\"650\"  data-dslc-anim-easing=\"ease\" data-dslc-preset=\"none\" >\n<div class=\"dslc-separator-wrapper\">\n<div class=\"dslc-separator dslc-separator-style-invisible\">\n\t\t\t\t\t\t\t\t\t<\/div>\n<div><\/div>\n<\/p><\/div>\n<p><!-- .dslc-separator-wrapper --><\/p><\/div>\n<p><!-- .dslc-module --><\/p>\n<div id=\"dslc-module-42dbb3f990e\" class=\"dslc-module-front dslc-module-DSLC_Text_Simple dslc-in-viewport-check dslc-in-viewport-anim-none  dslc-col dslc-10-col  dslc-module-handle-like-regular\" data-module-id=\"42dbb3f990e\" data-module=\"DSLC_Text_Simple\" data-dslc-module-size=\"10\" data-dslc-anim=\"none\" data-dslc-anim-delay=\"\" data-dslc-anim-duration=\"650\"  data-dslc-anim-easing=\"ease\" data-dslc-preset=\"none\" >\n<div class=\"dslc-text-module-content\">\n<p style=\"font-weight: 400;\">Abordando juntos los desaf\u00edos de tu empresa y potenciando la excelencia en la gesti\u00f3n de proyectos.<\/p>\n<ul>\n<li>Facilitamos la co-creaci\u00f3n de soluciones innovadoras para desaf\u00edos organizacionales espec\u00edficos, impulsando el \u00e9xito a trav\u00e9s de estrategias efectivas y un enfoque colaborativo.<\/li>\n<\/ul>\n<p style=\"font-weight: 400;\">Fortaleciendo la colaboraci\u00f3n y la sinergia, creando un equipo cohesionado y altamente efectivo.<\/p>\n<ul>\n<li>Un entorno ideal para que los equipos se integren, alineen sus objetivos y desarrollen estrategias efectivas que optimicen procesos y aseguren el \u00e9xito de los proyectos.<\/li>\n<li>Sum\u00e9rjanse en la belleza de Guatemala mientras fomentan el trabajo en equipo y el pensamiento estrat\u00e9gico.<\/li>\n<\/ul>\n<p style=\"font-weight: 400;\">Transformando desaf\u00edos en oportunidades, convirti\u00e9ndolos en ventajas competitivas sostenibles.<\/p>\n<ul>\n<li>Aprovechando la creatividad colectiva para identificar nuevas perspectivas, generar ideas innovadoras y superar obst\u00e1culos, impulsando el crecimiento y la rentabilidad del negocio.<\/li>\n<li>Rel\u00e1jate y reconecta con tu equipo en medio de impresionantes paisajes y ricas experiencias culturales.<\/li>\n<\/ul><\/div>\n<\/p><\/div>\n<p><!-- .dslc-module -->\n\t\t<\/div>\n<style type=\"text\/css\" id=\"dslca-modules-area-\"><\/style>\n<div  class=\"dslc-modules-area dslc-col dslc-12-col dslc-last-col dslc-valign-undefined\" data-size=\"12\" data-valign=\"undefined\" data-modules-area-id=\"\" >\n<div id=\"dslc-module-72eb84e9dfe\" class=\"dslc-module-front dslc-module-DSLC_Separator dslc-in-viewport-check dslc-in-viewport-anim-none  dslc-col dslc-12-col dslc-last-col dslc-hide-on-phone  dslc-module-handle-like-regular\" data-module-id=\"72eb84e9dfe\" data-module=\"DSLC_Separator\" data-dslc-module-size=\"12\" data-dslc-anim=\"none\" data-dslc-anim-delay=\"\" data-dslc-anim-duration=\"650\"  data-dslc-anim-easing=\"ease\" data-dslc-preset=\"none\" >\n<div class=\"dslc-separator-wrapper\">\n<div class=\"dslc-separator dslc-separator-style-solid\">\n\t\t\t\t\t\t\t\t\t<\/div>\n<div><\/div>\n<\/p><\/div>\n<p><!-- .dslc-separator-wrapper --><\/p><\/div>\n<p><!-- .dslc-module --><\/p>\n<div id=\"dslc-module-8207423ad99\" class=\"dslc-module-front dslc-module-DSLC_Text_Simple dslc-in-viewport-check dslc-in-viewport-anim-none  dslc-col dslc-2-col  dslc-module-handle-like-regular\" data-module-id=\"8207423ad99\" data-module=\"DSLC_Text_Simple\" data-dslc-module-size=\"2\" data-dslc-anim=\"none\" data-dslc-anim-delay=\"\" data-dslc-anim-duration=\"650\"  data-dslc-anim-easing=\"ease\" data-dslc-preset=\"none\" >\n<div class=\"dslc-text-module-content\">\n<h1>M\u00e1s servicios<\/h1>\n<\/p><\/div>\n<\/p><\/div>\n<p><!-- .dslc-module --><\/p>\n<div id=\"dslc-module-6d265cfdea3\" class=\"dslc-module-front dslc-module-DSLC_Info_Box dslc-in-viewport-check dslc-in-viewport-anim-none  dslc-col dslc-3-col  dslc-module-handle-like-regular\" data-module-id=\"6d265cfdea3\" data-module=\"DSLC_Info_Box\" data-dslc-module-size=\"3\" data-dslc-anim=\"none\" data-dslc-anim-delay=\"\" data-dslc-anim-duration=\"650\"  data-dslc-anim-easing=\"ease\" data-dslc-preset=\"none\" >\n<div class=\"dslc-info-box dslc-info-box-icon-pos-aside dslc-info-box-image-pos-above\">\n<div class=\"dslc-info-box-wrapper\">\n<div class=\"dslc-info-box-main-wrap dslc-clearfix\">\n<div class=\"dslc-info-box-image\">\n<div class=\"dslc-info-box-image-inner\">\n\t\t\t\t\t\t\t\t\t\t\t\t\t\t\t\t\t\t\t<span class=\"dslc-icon dslc-icon-angle-double-right\"><\/span>\n\t\t\t\t\t\t\t\t\t\t\t\t\t\t\t\t\t\t\t\t\t\t\t\t\t\t<\/div>\n<p><!-- .dslc-info-box-image-inner -->\n\t\t\t\t\t\t\t<\/div>\n<p><!-- .dslc-info-box-image --><\/p>\n<div class=\"dslc-info-box-main\">\n<div class=\"dslc-info-box-content\">\n<p><a href=\"https:\/\/alpha-pmconsulting.com\/es\/services\/staffing\/\">Gesti\u00f3n de Talento<\/a><\/p>\n<\/p><\/div>\n<p><!-- .dslc-info-box-content --><\/p><\/div>\n<p><!-- .dslc-info-box-main --><\/p><\/div>\n<p><!-- .dslc-info-box-main-wrap --><\/p><\/div>\n<p><!-- .dslc-info-box-wrapper --><\/p><\/div>\n<p><!-- .dslc-info-box --><\/p><\/div>\n<p><!-- .dslc-module --><\/p>\n<div id=\"dslc-module-2f6374e8b25\" class=\"dslc-module-front dslc-module-DSLC_Info_Box dslc-in-viewport-check dslc-in-viewport-anim-none  dslc-col dslc-3-col  dslc-module-handle-like-regular\" data-module-id=\"2f6374e8b25\" data-module=\"DSLC_Info_Box\" data-dslc-module-size=\"3\" data-dslc-anim=\"none\" data-dslc-anim-delay=\"\" data-dslc-anim-duration=\"650\"  data-dslc-anim-easing=\"ease\" data-dslc-preset=\"none\" >\n<div class=\"dslc-info-box dslc-info-box-icon-pos-aside dslc-info-box-image-pos-above\">\n<div class=\"dslc-info-box-wrapper\">\n<div class=\"dslc-info-box-main-wrap dslc-clearfix\">\n<div class=\"dslc-info-box-image\">\n<div class=\"dslc-info-box-image-inner\">\n\t\t\t\t\t\t\t\t\t\t\t\t\t\t\t\t\t\t\t<span class=\"dslc-icon dslc-icon-angle-double-right\"><\/span>\n\t\t\t\t\t\t\t\t\t\t\t\t\t\t\t\t\t\t\t\t\t\t\t\t\t\t<\/div>\n<p><!-- .dslc-info-box-image-inner -->\n\t\t\t\t\t\t\t<\/div>\n<p><!-- .dslc-info-box-image --><\/p>\n<div class=\"dslc-info-box-main\">\n<div class=\"dslc-info-box-content\">\n<p><a href=\"https:\/\/alpha-pmconsulting.com\/es\/services\/consulting-and-coaching\/\">Consultor\u00eda y Mentor\u00eda<\/a><\/p>\n<\/p><\/div>\n<p><!-- .dslc-info-box-content --><\/p><\/div>\n<p><!-- .dslc-info-box-main --><\/p><\/div>\n<p><!-- .dslc-info-box-main-wrap --><\/p><\/div>\n<p><!-- .dslc-info-box-wrapper --><\/p><\/div>\n<p><!-- .dslc-info-box --><\/p><\/div>\n<p><!-- .dslc-module --><\/p>\n<div id=\"dslc-module-fae73f9d38e\" class=\"dslc-module-front dslc-module-DSLC_Info_Box dslc-in-viewport-check dslc-in-viewport-anim-none  dslc-col dslc-3-col  dslc-module-handle-like-regular\" data-module-id=\"fae73f9d38e\" data-module=\"DSLC_Info_Box\" data-dslc-module-size=\"3\" data-dslc-anim=\"none\" data-dslc-anim-delay=\"\" data-dslc-anim-duration=\"650\"  data-dslc-anim-easing=\"ease\" data-dslc-preset=\"none\" >\n<div class=\"dslc-info-box dslc-info-box-icon-pos-aside dslc-info-box-image-pos-above\">\n<div class=\"dslc-info-box-wrapper\">\n<div class=\"dslc-info-box-main-wrap dslc-clearfix\">\n<div class=\"dslc-info-box-image\">\n<div class=\"dslc-info-box-image-inner\">\n\t\t\t\t\t\t\t\t\t\t\t\t\t\t\t\t\t\t\t<span class=\"dslc-icon dslc-icon-angle-double-right\"><\/span>\n\t\t\t\t\t\t\t\t\t\t\t\t\t\t\t\t\t\t\t\t\t\t\t\t\t\t<\/div>\n<p><!-- .dslc-info-box-image-inner -->\n\t\t\t\t\t\t\t<\/div>\n<p><!-- .dslc-info-box-image --><\/p>\n<div class=\"dslc-info-box-main\">\n<div class=\"dslc-info-box-content\">\n<p><a href=\"https:\/\/alpha-pmconsulting.com\/es\/services\/training\/\" target=\"_blank\" rel=\"noopener\">Entrenamiento<\/a><\/p>\n<\/p><\/div>\n<p><!-- .dslc-info-box-content --><\/p><\/div>\n<p><!-- .dslc-info-box-main --><\/p><\/div>\n<p><!-- .dslc-info-box-main-wrap --><\/p><\/div>\n<p><!-- .dslc-info-box-wrapper --><\/p><\/div>\n<p><!-- .dslc-info-box --><\/p><\/div>\n<p><!-- .dslc-module --><\/p>\n<div id=\"dslc-module-90d7de2cc96\" class=\"dslc-module-front dslc-module-DSLC_Separator dslc-in-viewport-check dslc-in-viewport-anim-none  dslc-col dslc-12-col  dslc-module-handle-like-regular\" data-module-id=\"90d7de2cc96\" data-module=\"DSLC_Separator\" data-dslc-module-size=\"12\" data-dslc-anim=\"none\" data-dslc-anim-delay=\"\" data-dslc-anim-duration=\"650\"  data-dslc-anim-easing=\"ease\" data-dslc-preset=\"none\" >\n<div class=\"dslc-separator-wrapper\">\n<div class=\"dslc-separator dslc-separator-style-invisible\">\n\t\t\t\t\t\t\t\t\t<\/div>\n<div><\/div>\n<\/p><\/div>\n<p><!-- .dslc-separator-wrapper --><\/p><\/div>\n<p><!-- .dslc-module --><\/p>\n<div id=\"dslc-module-3524205e316\" class=\"dslc-module-front dslc-module-DSLC_Text_Simple dslc-in-viewport-check dslc-in-viewport-anim-none  dslc-col dslc-12-col  dslc-module-handle-like-regular\" data-module-id=\"3524205e316\" data-module=\"DSLC_Text_Simple\" data-dslc-module-size=\"12\" data-dslc-anim=\"none\" data-dslc-anim-delay=\"\" data-dslc-anim-duration=\"650\"  data-dslc-anim-easing=\"ease\" data-dslc-preset=\"none\" >\n<div class=\"dslc-text-module-content\">\n<h1>\u00a1Cont\u00e1ctanos hoy para una cotizaci\u00f3n personalizada!<\/h1>\n<\/p><\/div>\n<\/p><\/div>\n<p><!-- .dslc-module --><\/p>\n<div id=\"dslc-module-26f42f15c20\" class=\"dslc-module-front dslc-module-DSLC_Button dslc-in-viewport-check dslc-in-viewport-anim-none  dslc-col dslc-12-col  dslc-module-handle-like-regular\" data-module-id=\"26f42f15c20\" data-module=\"DSLC_Button\" data-dslc-module-size=\"12\" data-dslc-anim=\"none\" data-dslc-anim-delay=\"\" data-dslc-anim-duration=\"650\"  data-dslc-anim-easing=\"ease\" data-dslc-preset=\"none\" >\n<div class=\"dslc-button\">\n\t\t\t\t\t\t\t\t\t<a href=\"https:\/\/alpha-pmconsulting.com\/es\/contact\/\" target=\"_self\"  onclick=\"\" class=\"\"><br \/>\n\t\t\t\t\t\t\t\t\t\t\t\t\t\t\t\t\t\t\t<span>Agenda una cita<\/span><br \/>\n\t\t\t\t\t\t\t\t\t\t\t\t\t\t\t\t\t\t\t\t\t\t\t\t\t\t\t<span class=\"dslc-icon dslc-icon-arrow-right\"><\/span><br \/>\n\t\t\t\t\t\t\t\t\t\t\t\t\t\t\t\t\t\t<\/a>\n\t\t\t\t\t\t\t<\/div>\n<p><!-- .dslc-button --><\/p><\/div>\n<p><!-- .dslc-module -->\n\t\t<\/div>\n<\/div>\n<\/div>\n<\/div>\n<\/div><\/div>","protected":false},"excerpt":{"rendered":"<p>\u2190 Back to corporate retreats \u00a0 Joint solutions for specific challenges Tackling your company's challenges together and boosting excellence in project management. We facilitate the co-creation of innovative solutions for specific organizational challenges, driving success through effective strategies and a collaborative approach. Strengthening collaboration and synergy, creating a cohesive and highly effective team. An ideal [&hellip;]<\/p>\n","protected":false},"author":1,"featured_media":0,"parent":75,"menu_order":0,"comment_status":"closed","ping_status":"closed","template":"","meta":{"footnotes":""},"class_list":["post-125","page","type-page","status-publish","hentry"],"yoast_head":"<!-- This site is optimized with the Yoast SEO plugin v27.5 - https:\/\/yoast.com\/product\/yoast-seo-wordpress\/ -->\n<title>Joint Solutions for Specific Challenges | Alpha PM Consulting<\/title>\n<meta name=\"description\" content=\"Collaborative retreats in Guatemala for team-driven solutions to organizational challenges, strategic thinking, and competitive advantage.\" \/>\n<meta name=\"robots\" content=\"index, follow, max-snippet:-1, max-image-preview:large, max-video-preview:-1\" \/>\n<link rel=\"canonical\" href=\"https:\/\/alpha-pmconsulting.com\/es\/services\/corporate-retreats\/joint-solutions-for-specific-challenges\/\" \/>\n<meta property=\"og:locale\" content=\"es_ES\" \/>\n<meta property=\"og:type\" content=\"article\" \/>\n<meta property=\"og:title\" content=\"Joint Solutions for Specific Challenges | Alpha PM Consulting\" \/>\n<meta property=\"og:description\" content=\"Collaborative retreats in Guatemala for team-driven solutions to organizational challenges, strategic thinking, and competitive advantage.\" \/>\n<meta property=\"og:url\" content=\"https:\/\/alpha-pmconsulting.com\/es\/services\/corporate-retreats\/joint-solutions-for-specific-challenges\/\" \/>\n<meta property=\"og:site_name\" content=\"Alpha PM Consulting\" \/>\n<meta property=\"article:modified_time\" content=\"2024-10-26T05:16:01+00:00\" \/>\n<meta name=\"twitter:card\" content=\"summary_large_image\" \/>\n<meta name=\"twitter:label1\" content=\"Est. reading time\" \/>\n\t<meta name=\"twitter:data1\" content=\"1 minuto\" \/>\n<script type=\"application\/ld+json\" class=\"yoast-schema-graph\">{\"@context\":\"https:\\\/\\\/schema.org\",\"@graph\":[{\"@type\":\"WebPage\",\"@id\":\"https:\\\/\\\/alpha-pmconsulting.com\\\/services\\\/corporate-retreats\\\/joint-solutions-for-specific-challenges\\\/\",\"url\":\"https:\\\/\\\/alpha-pmconsulting.com\\\/services\\\/corporate-retreats\\\/joint-solutions-for-specific-challenges\\\/\",\"name\":\"Joint Solutions for Specific Challenges | Alpha PM Consulting\",\"isPartOf\":{\"@id\":\"https:\\\/\\\/alpha-pmconsulting.com\\\/#website\"},\"datePublished\":\"2024-07-31T00:00:57+00:00\",\"dateModified\":\"2024-10-26T05:16:01+00:00\",\"description\":\"Collaborative retreats in Guatemala for team-driven solutions to organizational challenges, strategic thinking, and competitive advantage.\",\"breadcrumb\":{\"@id\":\"https:\\\/\\\/alpha-pmconsulting.com\\\/services\\\/corporate-retreats\\\/joint-solutions-for-specific-challenges\\\/#breadcrumb\"},\"inLanguage\":\"es\",\"potentialAction\":[{\"@type\":\"ReadAction\",\"target\":[\"https:\\\/\\\/alpha-pmconsulting.com\\\/services\\\/corporate-retreats\\\/joint-solutions-for-specific-challenges\\\/\"]}]},{\"@type\":\"BreadcrumbList\",\"@id\":\"https:\\\/\\\/alpha-pmconsulting.com\\\/services\\\/corporate-retreats\\\/joint-solutions-for-specific-challenges\\\/#breadcrumb\",\"itemListElement\":[{\"@type\":\"ListItem\",\"position\":1,\"name\":\"Portada\",\"item\":\"https:\\\/\\\/alpha-pmconsulting.com\\\/\"},{\"@type\":\"ListItem\",\"position\":2,\"name\":\"Services\",\"item\":\"https:\\\/\\\/alpha-pmconsulting.com\\\/services\\\/\"},{\"@type\":\"ListItem\",\"position\":3,\"name\":\"Corporate Retreats\",\"item\":\"https:\\\/\\\/alpha-pmconsulting.com\\\/services\\\/corporate-retreats\\\/\"},{\"@type\":\"ListItem\",\"position\":4,\"name\":\"Joint Solutions for Specific Challenges\"}]},{\"@type\":\"WebSite\",\"@id\":\"https:\\\/\\\/alpha-pmconsulting.com\\\/#website\",\"url\":\"https:\\\/\\\/alpha-pmconsulting.com\\\/\",\"name\":\"Alpha PM Consulting\",\"description\":\"Project Management, Organizational Agility and Digital Transformation Execution\",\"publisher\":{\"@id\":\"https:\\\/\\\/alpha-pmconsulting.com\\\/#organization\"},\"potentialAction\":[{\"@type\":\"SearchAction\",\"target\":{\"@type\":\"EntryPoint\",\"urlTemplate\":\"https:\\\/\\\/alpha-pmconsulting.com\\\/?s={search_term_string}\"},\"query-input\":{\"@type\":\"PropertyValueSpecification\",\"valueRequired\":true,\"valueName\":\"search_term_string\"}}],\"inLanguage\":\"es\"},{\"@type\":\"Organization\",\"@id\":\"https:\\\/\\\/alpha-pmconsulting.com\\\/#organization\",\"name\":\"Alpha PM Consulting\",\"url\":\"https:\\\/\\\/alpha-pmconsulting.com\\\/\",\"logo\":{\"@type\":\"ImageObject\",\"inLanguage\":\"es\",\"@id\":\"https:\\\/\\\/alpha-pmconsulting.com\\\/#\\\/schema\\\/logo\\\/image\\\/\",\"url\":\"https:\\\/\\\/alpha-pmconsulting.com\\\/wp-content\\\/uploads\\\/2024\\\/10\\\/Alpha-PM-Consulting-2024.png.webp\",\"contentUrl\":\"https:\\\/\\\/alpha-pmconsulting.com\\\/wp-content\\\/uploads\\\/2024\\\/10\\\/Alpha-PM-Consulting-2024.png.webp\",\"width\":1425,\"height\":616,\"caption\":\"Alpha PM Consulting\"},\"image\":{\"@id\":\"https:\\\/\\\/alpha-pmconsulting.com\\\/#\\\/schema\\\/logo\\\/image\\\/\"}}]}<\/script>\n<!-- \/ Yoast SEO plugin. -->","yoast_head_json":{"title":"Joint Solutions for Specific Challenges | Alpha PM Consulting","description":"Collaborative retreats in Guatemala for team-driven solutions to organizational challenges, strategic thinking, and competitive advantage.","robots":{"index":"index","follow":"follow","max-snippet":"max-snippet:-1","max-image-preview":"max-image-preview:large","max-video-preview":"max-video-preview:-1"},"canonical":"https:\/\/alpha-pmconsulting.com\/es\/services\/corporate-retreats\/joint-solutions-for-specific-challenges\/","og_locale":"es_ES","og_type":"article","og_title":"Joint Solutions for Specific Challenges | Alpha PM Consulting","og_description":"Collaborative retreats in Guatemala for team-driven solutions to organizational challenges, strategic thinking, and competitive advantage.","og_url":"https:\/\/alpha-pmconsulting.com\/es\/services\/corporate-retreats\/joint-solutions-for-specific-challenges\/","og_site_name":"Alpha PM Consulting","article_modified_time":"2024-10-26T05:16:01+00:00","twitter_card":"summary_large_image","twitter_misc":{"Est. reading time":"1 minuto"},"schema":{"@context":"https:\/\/schema.org","@graph":[{"@type":"WebPage","@id":"https:\/\/alpha-pmconsulting.com\/services\/corporate-retreats\/joint-solutions-for-specific-challenges\/","url":"https:\/\/alpha-pmconsulting.com\/services\/corporate-retreats\/joint-solutions-for-specific-challenges\/","name":"Joint Solutions for Specific Challenges | Alpha PM Consulting","isPartOf":{"@id":"https:\/\/alpha-pmconsulting.com\/#website"},"datePublished":"2024-07-31T00:00:57+00:00","dateModified":"2024-10-26T05:16:01+00:00","description":"Collaborative retreats in Guatemala for team-driven solutions to organizational challenges, strategic thinking, and competitive advantage.","breadcrumb":{"@id":"https:\/\/alpha-pmconsulting.com\/services\/corporate-retreats\/joint-solutions-for-specific-challenges\/#breadcrumb"},"inLanguage":"es","potentialAction":[{"@type":"ReadAction","target":["https:\/\/alpha-pmconsulting.com\/services\/corporate-retreats\/joint-solutions-for-specific-challenges\/"]}]},{"@type":"BreadcrumbList","@id":"https:\/\/alpha-pmconsulting.com\/services\/corporate-retreats\/joint-solutions-for-specific-challenges\/#breadcrumb","itemListElement":[{"@type":"ListItem","position":1,"name":"Portada","item":"https:\/\/alpha-pmconsulting.com\/"},{"@type":"ListItem","position":2,"name":"Services","item":"https:\/\/alpha-pmconsulting.com\/services\/"},{"@type":"ListItem","position":3,"name":"Corporate Retreats","item":"https:\/\/alpha-pmconsulting.com\/services\/corporate-retreats\/"},{"@type":"ListItem","position":4,"name":"Joint Solutions for Specific Challenges"}]},{"@type":"WebSite","@id":"https:\/\/alpha-pmconsulting.com\/#website","url":"https:\/\/alpha-pmconsulting.com\/","name":"Alpha PM Consulting","description":"Project Management, Organizational Agility and Digital Transformation Execution","publisher":{"@id":"https:\/\/alpha-pmconsulting.com\/#organization"},"potentialAction":[{"@type":"SearchAction","target":{"@type":"EntryPoint","urlTemplate":"https:\/\/alpha-pmconsulting.com\/?s={search_term_string}"},"query-input":{"@type":"PropertyValueSpecification","valueRequired":true,"valueName":"search_term_string"}}],"inLanguage":"es"},{"@type":"Organization","@id":"https:\/\/alpha-pmconsulting.com\/#organization","name":"Alpha PM Consulting","url":"https:\/\/alpha-pmconsulting.com\/","logo":{"@type":"ImageObject","inLanguage":"es","@id":"https:\/\/alpha-pmconsulting.com\/#\/schema\/logo\/image\/","url":"https:\/\/alpha-pmconsulting.com\/wp-content\/uploads\/2024\/10\/Alpha-PM-Consulting-2024.png.webp","contentUrl":"https:\/\/alpha-pmconsulting.com\/wp-content\/uploads\/2024\/10\/Alpha-PM-Consulting-2024.png.webp","width":1425,"height":616,"caption":"Alpha PM Consulting"},"image":{"@id":"https:\/\/alpha-pmconsulting.com\/#\/schema\/logo\/image\/"}}]}},"_links":{"self":[{"href":"https:\/\/alpha-pmconsulting.com\/es\/wp-json\/wp\/v2\/pages\/125","targetHints":{"allow":["GET"]}}],"collection":[{"href":"https:\/\/alpha-pmconsulting.com\/es\/wp-json\/wp\/v2\/pages"}],"about":[{"href":"https:\/\/alpha-pmconsulting.com\/es\/wp-json\/wp\/v2\/types\/page"}],"author":[{"embeddable":true,"href":"https:\/\/alpha-pmconsulting.com\/es\/wp-json\/wp\/v2\/users\/1"}],"replies":[{"embeddable":true,"href":"https:\/\/alpha-pmconsulting.com\/es\/wp-json\/wp\/v2\/comments?post=125"}],"version-history":[{"count":1,"href":"https:\/\/alpha-pmconsulting.com\/es\/wp-json\/wp\/v2\/pages\/125\/revisions"}],"predecessor-version":[{"id":126,"href":"https:\/\/alpha-pmconsulting.com\/es\/wp-json\/wp\/v2\/pages\/125\/revisions\/126"}],"up":[{"embeddable":true,"href":"https:\/\/alpha-pmconsulting.com\/es\/wp-json\/wp\/v2\/pages\/75"}],"wp:attachment":[{"href":"https:\/\/alpha-pmconsulting.com\/es\/wp-json\/wp\/v2\/media?parent=125"}],"curies":[{"name":"wp","href":"https:\/\/api.w.org\/{rel}","templated":true}]}}