{"id":13,"date":"2024-06-26T03:32:39","date_gmt":"2024-06-26T03:32:39","guid":{"rendered":"https:\/\/alpha-pmconsulting.com\/?page_id=13"},"modified":"2024-10-26T05:01:30","modified_gmt":"2024-10-26T05:01:30","slug":"home","status":"publish","type":"page","link":"https:\/\/alpha-pmconsulting.com\/es\/","title":{"rendered":"Inicio"},"content":{"rendered":"<div id=\"dslc-main\">\r\n\t\t\t<div  class=\"dslc-modules-section\" style=\"margin-bottom:-30px;background-image:url(https:\/\/alpha-pmconsulting.com\/wp-content\/uploads\/2024\/07\/header-alpha-pm-consulting.png);background-size:cover;\" data-section-id=\"f47bfca5bb5\">\r\n\t\t\t\t\r\n\t\t\t\t\r\n\t\t\t\t<div class=\"dslc-modules-section-wrapper dslc-clearfix\"><style type=\"text\/css\" id=\"dslca-modules-area-\"><\/style><div  class=\"dslc-modules-area dslc-col dslc-12-col dslc-last-col dslc-valign-\" data-size=\"12\" data-valign=\"\" data-modules-area-id=\"\" >\r\n\t\t<div id=\"dslc-module-1b32212cd40\" class=\"dslc-module-front dslc-module-DSLC_Text_Simple dslc-in-viewport-check dslc-in-viewport-anim-none  dslc-col dslc-12-col dslc-last-col  dslc-module-handle-like-regular\" data-module-id=\"1b32212cd40\" data-module=\"DSLC_Text_Simple\" data-dslc-module-size=\"12\" data-dslc-anim=\"none\" data-dslc-anim-delay=\"\" data-dslc-anim-duration=\"650\"  data-dslc-anim-easing=\"ease\" data-dslc-preset=\"none\" >\r\n\r\n\t\t\t\r\n\t\t\t\r\n\t\t\r\n\t\t<div class=\"dslc-text-module-content\">\r\n\t\t\t<p>\u2190 <a href=\"https:\/\/alpha-pmconsulting.com\/es\/news\/\">Noticias<\/a><\/p>\t\t<\/div>\r\n\r\n\t\t\r\n\t\t\t\t<\/div><!-- .dslc-module -->\r\n\t\t\r\n\t\t<div id=\"dslc-module-4a0c4768657\" class=\"dslc-module-front dslc-module-DSLC_TP_Title dslc-in-viewport-check dslc-in-viewport-anim-none  dslc-col dslc-12-col dslc-last-col  dslc-module-handle-like-regular\" data-module-id=\"4a0c4768657\" data-module=\"DSLC_TP_Title\" data-dslc-module-size=\"12\" data-dslc-anim=\"none\" data-dslc-anim-delay=\"\" data-dslc-anim-duration=\"650\"  data-dslc-anim-easing=\"ease\" data-dslc-preset=\"none\" >\r\n\r\n\t\t\t\r\n\t\t\t\r\n\t\t\r\n\t<div class=\"dslc-tp-title\">\r\n\t\t\t\t\t<div class=\"dslc-tp-title\"><h1>\u00a1Tu empresa puede ser reembolsada en un 50% de los gastos de capacitaci\u00f3n!<\/h1><\/div>\r\n\t\t\t<\/div>\r\n\r\n\t\r\n\t\t\t\t<\/div><!-- .dslc-module -->\r\n\t\t<\/div><\/div><\/div>\r\n\t\t\t<div  class=\"dslc-modules-section\" style=\"padding-bottom:0px;padding-top:0px;\" data-section-id=\"f47bfca5bb5\">\r\n\t\t\t\t\r\n\t\t\t\t\r\n\t\t\t\t<div class=\"dslc-modules-section-wrapper dslc-clearfix\"><style type=\"text\/css\" id=\"dslca-modules-area-\"><\/style><div  class=\"dslc-modules-area dslc-col dslc-12-col dslc-last-col dslc-valign-\" data-size=\"12\" data-valign=\"\" data-modules-area-id=\"\" >\r\n\t\t<div id=\"dslc-module-82b9daf85cf\" class=\"dslc-module-front dslc-module-DSLC_Separator dslc-in-viewport-check dslc-in-viewport-anim-none  dslc-col dslc-2-col dslc-hide-on-phone  dslc-module-handle-like-regular\" data-module-id=\"82b9daf85cf\" data-module=\"DSLC_Separator\" data-dslc-module-size=\"2\" data-dslc-anim=\"none\" data-dslc-anim-delay=\"\" data-dslc-anim-duration=\"650\"  data-dslc-anim-easing=\"ease\" data-dslc-preset=\"none\" >\r\n\r\n\t\t\t\r\n\t\t\t\r\n\t\t\t\t\t<div class=\"dslc-separator-wrapper\">\r\n\t\t\t\t<div class=\"dslc-separator dslc-separator-style-invisible\">\r\n\t\t\t\t\t\t\t\t\t<\/div>\r\n\t\t\t\t<div><\/div>\r\n\t\t\t<\/div><!-- .dslc-separator-wrapper -->\r\n\t\t\t\r\n\t\t\t\t<\/div><!-- .dslc-module -->\r\n\t\t\r\n\t\t<div id=\"dslc-module-11782725cff\" class=\"dslc-module-front dslc-module-DSLC_TP_Thumbnail dslc-in-viewport-check dslc-in-viewport-anim-none  dslc-col dslc-8-col  dslc-module-handle-like-regular\" data-module-id=\"11782725cff\" data-module=\"DSLC_TP_Thumbnail\" data-dslc-module-size=\"8\" data-dslc-anim=\"none\" data-dslc-anim-delay=\"0\" data-dslc-anim-duration=\"650\"  data-dslc-anim-easing=\"ease\" data-dslc-preset=\"none\" >\r\n\r\n\t\t\t\r\n\t\t\t\r\n\t\t\r\n\t\t\t<div class=\"dslc-tp-thumbnail\">\r\n\t\t\t\t\r\n\t\t\t\t\t\t\t\t\t<img width=\"1200\" height=\"800\" src=\"https:\/\/alpha-pmconsulting.com\/wp-content\/uploads\/2024\/08\/50-on-training-expenses.jpg\" class=\"attachment-full size-full wp-post-image\" alt=\"\" title=\"50% on training expenses\" srcset=\"https:\/\/alpha-pmconsulting.com\/wp-content\/uploads\/2024\/08\/50-on-training-expenses.jpg 1200w, https:\/\/alpha-pmconsulting.com\/wp-content\/uploads\/2024\/08\/50-on-training-expenses-300x200.jpg 300w, https:\/\/alpha-pmconsulting.com\/wp-content\/uploads\/2024\/08\/50-on-training-expenses-1024x683.jpg 1024w, https:\/\/alpha-pmconsulting.com\/wp-content\/uploads\/2024\/08\/50-on-training-expenses-768x512.jpg 768w\" sizes=\"(max-width: 1200px) 100vw, 1200px\" \/>\t\t\t\t\r\n\t\t\t\t\t\t\t<\/div>\r\n\r\n\t\t\r\n\t\t\r\n\t\t\t\t<\/div><!-- .dslc-module -->\r\n\t\t<\/div><style type=\"text\/css\" id=\"dslca-modules-area-\"><\/style><div  class=\"dslc-modules-area dslc-col dslc-12-col dslc-last-col dslc-valign-undefined\" data-size=\"12\" data-valign=\"undefined\" data-modules-area-id=\"\" >\r\n\t\t<div id=\"dslc-module-743e783c83d\" class=\"dslc-module-front dslc-module-DSLC_Separator dslc-in-viewport-check dslc-in-viewport-anim-none  dslc-col dslc-12-col dslc-last-col dslc-hide-on-phone  dslc-module-handle-like-regular\" data-module-id=\"743e783c83d\" data-module=\"DSLC_Separator\" data-dslc-module-size=\"12\" data-dslc-anim=\"none\" data-dslc-anim-delay=\"\" data-dslc-anim-duration=\"650\"  data-dslc-anim-easing=\"ease\" data-dslc-preset=\"none\" >\r\n\r\n\t\t\t\r\n\t\t\t\r\n\t\t\t\t\t<div class=\"dslc-separator-wrapper\">\r\n\t\t\t\t<div class=\"dslc-separator dslc-separator-style-invisible\">\r\n\t\t\t\t\t\t\t\t\t<\/div>\r\n\t\t\t\t<div><\/div>\r\n\t\t\t<\/div><!-- .dslc-separator-wrapper -->\r\n\t\t\t\r\n\t\t\t\t<\/div><!-- .dslc-module -->\r\n\t\t<\/div><style type=\"text\/css\" id=\"dslca-modules-area-\"><\/style><div  class=\"dslc-modules-area dslc-col dslc-2-col dslc-first-col dslc-valign-undefined\" data-size=\"2\" data-valign=\"undefined\" data-modules-area-id=\"\" >\r\n\t\t<div id=\"dslc-module-5b6ekiv5f68\" class=\"dslc-module-front dslc-module-DSLC_Separator dslc-in-viewport-check dslc-in-viewport-anim-none  dslc-col dslc-12-col dslc-last-col dslc-hide-on-phone  dslc-module-handle-like-regular\" data-module-id=\"5b6ekiv5f68\" data-module=\"DSLC_Separator\" data-dslc-module-size=\"12\" data-dslc-anim=\"none\" data-dslc-anim-delay=\"\" data-dslc-anim-duration=\"650\"  data-dslc-anim-easing=\"ease\" data-dslc-preset=\"none\" >\r\n\r\n\t\t\t\r\n\t\t\t\r\n\t\t\t\t\t<div class=\"dslc-separator-wrapper\">\r\n\t\t\t\t<div class=\"dslc-separator dslc-separator-style-invisible\">\r\n\t\t\t\t\t\t\t\t\t<\/div>\r\n\t\t\t\t<div><\/div>\r\n\t\t\t<\/div><!-- .dslc-separator-wrapper -->\r\n\t\t\t\r\n\t\t\t\t<\/div><!-- .dslc-module -->\r\n\t\t<\/div><style type=\"text\/css\" id=\"dslca-modules-area-\"><\/style><div  class=\"dslc-modules-area dslc-col dslc-8-col  dslc-valign-undefined\" data-size=\"8\" data-valign=\"undefined\" data-modules-area-id=\"\" >\r\n\t\t<div id=\"dslc-module-f03048691a0\" class=\"dslc-module-front dslc-module-DSLC_TP_Content dslc-in-viewport-check dslc-in-viewport-anim-none  dslc-col dslc-12-col dslc-last-col  dslc-module-handle-like-regular\" data-module-id=\"f03048691a0\" data-module=\"DSLC_TP_Content\" data-dslc-module-size=\"12\" data-dslc-anim=\"none\" data-dslc-anim-delay=\"\" data-dslc-anim-duration=\"650\"  data-dslc-anim-easing=\"ease\" data-dslc-preset=\"none\" >\r\n\r\n\t\t\t\r\n\t\t\t\r\n\t\t\t\t<div class=\"dslc-tp-content\">\r\n\t\t\t<div id=\"dslc-theme-content\"><div id=\"dslc-theme-content-inner\">\n<p>Alpha PM es un proveedor de capacitaci\u00f3n preaprobado por el Programa de Inversi\u00f3n en Capacitaci\u00f3n de Empleados del Estado de Illinois.<\/p>\n\n\n\n<div class=\"wp-block-buttons is-content-justification-center is-layout-flex wp-container-core-buttons-is-layout-16018d1d wp-block-buttons-is-layout-flex\">\n<div class=\"wp-block-button\"><a class=\"wp-block-button__link has-cyan-bluish-gray-background-color has-background wp-element-button\" href=\"https:\/\/www.chicagolandchamber.org\/etip\/\" style=\"border-radius:10px\" target=\"_blank\" rel=\"noreferrer noopener\">Obtener m\u00e1s informaci\u00f3n<\/a><\/div>\n\n\n\n<div class=\"wp-block-button\"><a class=\"wp-block-button__link has-pale-cyan-blue-background-color has-background wp-element-button\" href=\"https:\/\/alpha-pmconsulting.com\/es\/contact\/\" style=\"border-radius:10px\">Cont\u00e1ctanos para aplicar<\/a><\/div>\n<\/div>\n\n\n\n<p><\/p>\n\n\n\n<hr class=\"wp-block-separator has-alpha-channel-opacity is-style-dots\"\/>\n\n\n\n<h3 class=\"wp-block-heading\">Acerca de nuestro servicio de capacitaci\u00f3n:<\/h3>\n\n\n\n<p>Ofrecemos servicios de capacitaci\u00f3n de alta calidad, dise\u00f1ados espec\u00edficamente para satisfacer las necesidades \u00fanicas de cada organizaci\u00f3n. Nuestro objetivo es proporcionar contenido relevante y pr\u00e1ctico que mejore el desarrollo y la eficiencia de su equipo.<\/p>\n\n\n\n<p>A la cabeza de nuestra oferta est\u00e1n nuestros instructores, todos certificados en las especialidades que imparten y desempe\u00f1\u00e1ndose como profesores en algunas de las universidades m\u00e1s prestigiosas de la regi\u00f3n. Esta combinaci\u00f3n de rigor acad\u00e9mico y experiencia del mundo real asegura que reciba capacitaci\u00f3n de la m\u00e1s alta calidad.<\/p>\n\n\n\n<p><a href=\"https:\/\/alpha-pmconsulting.com\/es\/services\/training\/\" data-type=\"page\" data-id=\"67\">Descubre m\u00e1s aqu\u00ed<\/a><\/p>\n<\/div><\/div>\t\t<\/div>\r\n\t\t\r\n\t\t\t\t<\/div><!-- .dslc-module -->\r\n\t\t<\/div><\/div><\/div>\r\n\t\t\t<div  class=\"dslc-modules-section\" style=\"background-color:#ffffff;\" data-section-id=\"2d63aa510a3\">\r\n\t\t\t\t\r\n\t\t\t\t\r\n\t\t\t\t<div class=\"dslc-modules-section-wrapper dslc-clearfix\"><style type=\"text\/css\" id=\"dslca-modules-area-\"><\/style><div  class=\"dslc-modules-area dslc-col dslc-12-col dslc-last-col dslc-valign-\" data-size=\"12\" data-valign=\"\" data-modules-area-id=\"\" >\r\n\t\t<div id=\"dslc-module-c13f9301abc\" class=\"dslc-module-front dslc-module-DSLC_Text_Simple dslc-in-viewport-check dslc-in-viewport-anim-none  dslc-col dslc-12-col dslc-last-col  dslc-module-handle-like-regular\" data-module-id=\"c13f9301abc\" data-module=\"DSLC_Text_Simple\" data-dslc-module-size=\"12\" data-dslc-anim=\"none\" data-dslc-anim-delay=\"\" data-dslc-anim-duration=\"650\"  data-dslc-anim-easing=\"ease\" data-dslc-preset=\"none\" >\r\n\r\n\t\t\t\r\n\t\t\t\r\n\t\t\r\n\t\t<div class=\"dslc-text-module-content\">\r\n\t\t\t<h1>M\u00e1s temas<\/h1>\t\t<\/div>\r\n\r\n\t\t\r\n\t\t\t\t<\/div><!-- .dslc-module -->\r\n\t\t\r\n\t\t<div id=\"dslc-module-9a2f27ab665\" class=\"dslc-module-front dslc-module-DSLC_Blog dslc-in-viewport-check dslc-in-viewport-anim-none  dslc-col dslc-12-col dslc-last-col  dslc-module-handle-like-regular\" data-module-id=\"9a2f27ab665\" data-module=\"DSLC_Blog\" data-dslc-module-size=\"12\" data-dslc-anim=\"none\" data-dslc-anim-delay=\"\" data-dslc-anim-duration=\"650\"  data-dslc-anim-easing=\"ease\" data-dslc-preset=\"none\" >\r\n\r\n\t\t\t\r\n\t\t\t\r\n\t\t\t\t\t\t<div class=\"dslc-module-heading\">\r\n\r\n\t\t\t<!-- Heading -->\r\n\r\n\t\t\t\r\n\t\t\t<!-- Filters -->\r\n\r\n\t\t\t\r\n\t\t\t\t<!-- Carousel -->\r\n\r\n\t\t\t\t\t\t\t\t\t\t<span class=\"dslc-carousel-nav fr\">\r\n\t\t\t\t\t\t\t<span class=\"dslc-carousel-nav-inner\">\r\n\t\t\t\t\t\t\t\t<a href=\"#\" class=\"dslc-carousel-nav-prev\"><span class=\"dslc-icon-chevron-left\"><\/span><\/a>\r\n\t\t\t\t\t\t\t\t<a href=\"#\" class=\"dslc-carousel-nav-next\"><span class=\"dslc-icon-chevron-right\"><\/span><\/a>\r\n\t\t\t\t\t\t\t<\/span>\r\n\t\t\t\t\t\t<\/span><!-- .carousel-nav -->\r\n\t\t\t\t\t\r\n\t\t\t\t<\/div><!-- .dslc-module-heading -->\r\n\t\t\t<div class=\"dslc-posts dslc-blog-posts dslc-clearfix dslc-blog-posts-type-carousel dslc-posts-orientation-vertical\">\r\n\t\t\t\r\n\t\t\t\r\n\t\t<div class=\"dslc-posts-inner\"><div class=\"dslc-loader\"><\/div><div class=\"dslc-carousel\" data-stop-on-hover=\"false\" data-autoplay=\"\" data-columns=\"4\" data-pagination=\"true\" data-slide-speed=\"200\" data-pagination-speed=\"800\">\r\n\t<div class=\"dslc-post dslc-blog-post dslc-carousel-item dslc-col dslc-3-col  dslc-first-col dslc-post-format-standard\" data-cats=\"news \">\r\n\r\n\t\r\n\t\t\t\t\t\t\t\t\r\n\t\t\t\t\t\t\t\t\t<div class=\"dslc-blog-post-thumb dslc-post-thumb dslc-on-hover-anim\">\r\n\r\n\t\t\t\t\t\t\t\t\t\t\r\n\t\t\t\t\t\t\t\t\t\t\t<div class=\"dslc-blog-post-thumb-inner dslca-post-thumb\">\r\n\t\t\t\t\t\t\t\t\t\t\t\t\r\n\t\t\t\t\t\t\t\t\t\t\t\t\t\t\t\t\t\t\t\t\t\t\t\t\t<a href=\"https:\/\/alpha-pmconsulting.com\/es\/news\/your-company-can-be-reimbursed-by-50-on-training-expenses\/\" class=\"\"><img width=\"1200\" height=\"800\" src=\"https:\/\/alpha-pmconsulting.com\/wp-content\/uploads\/2024\/08\/50-on-training-expenses.jpg\" class=\"attachment-full size-full wp-post-image\" alt=\"\" title=\"50% on training expenses\" srcset=\"https:\/\/alpha-pmconsulting.com\/wp-content\/uploads\/2024\/08\/50-on-training-expenses.jpg 1200w, https:\/\/alpha-pmconsulting.com\/wp-content\/uploads\/2024\/08\/50-on-training-expenses-300x200.jpg 300w, https:\/\/alpha-pmconsulting.com\/wp-content\/uploads\/2024\/08\/50-on-training-expenses-1024x683.jpg 1024w, https:\/\/alpha-pmconsulting.com\/wp-content\/uploads\/2024\/08\/50-on-training-expenses-768x512.jpg 768w\" sizes=\"(max-width: 1200px) 100vw, 1200px\" \/><\/a>\r\n\t\t\t\t\t\t\t\t\t\t\t\t\t\t\t\t\t\t\t\t\t\t\t<\/div><!-- .dslc-blog-post-thumb-inner -->\r\n\r\n\t\t\t\t\t\t\t\t\t\t\r\n\t\t\t\t\t\t\t\t\t\t\r\n\t\t\t\t\t\t\t\t\t<\/div><!-- .dslc-blog-post-thumb -->\r\n\r\n\t\t\t\t\t\t\t\t\r\n\t\t\t\t\t\t\t\r\n\t\t\t\t\t\t\t\r\n\t\t\t\t\t\t\t\t<div class=\"dslc-post-main dslc-blog-post-main\">\r\n\r\n\t\t\t\t\t\t\t\t\t\r\n\t\t\t\t\t\t\t\t\t\r\n\t\t\t\t\t\t\t\t\t\t<div class=\"dslc-blog-post-title\">\r\n\t\t\t\t\t\t\t\t\t\t\t<h2><a href=\"https:\/\/alpha-pmconsulting.com\/es\/news\/your-company-can-be-reimbursed-by-50-on-training-expenses\/\">\u00a1Tu empresa puede ser reembolsada en un 50% de los gastos de capacitaci\u00f3n!<\/a><\/h2>\r\n\t\t\t\t\t\t\t\t\t\t<\/div><!-- .dslc-blog-post-title -->\r\n\r\n\t\t\t\t\t\t\t\t\t\r\n\t\t\t\t\t\t\t\t\t\r\n\t\t\t\t\t\t\t\t\t\r\n\t\t\t\t\t\t\t\t\t\t<div class=\"dslc-blog-post-excerpt\">\r\n\t\t\t\t\t\t\t\t\t\t\t\t\t\t\t\t\t\t\t\t\t\t\tAlpha PM es un proveedor de formaci\u00f3n preaprobado con el Programa de Inversi\u00f3n en Capacitaci\u00f3n de Empleados del Estado\u2026\t\t\t\t\t\t\t\t\t\t\t\t\t\t\t\t\t\t\t\t\t<\/div><!-- .dslc-blog-post-excerpt -->\r\n\r\n\t\t\t\t\t\t\t\t\t\r\n\t\t\t\t\t\t\t\t\t\r\n\t\t\t\t\t\t\t\t\t\t<div class=\"dslc-blog-post-read-more\">\r\n\t\t\t\t\t\t\t\t\t\t\t<a href=\"https:\/\/alpha-pmconsulting.com\/es\/news\/your-company-can-be-reimbursed-by-50-on-training-expenses\/\">\r\n\t\t\t\t\t\t\t\t\t\t\t\t\t\t\t\t\t\t\t\t\t\t\t\t\t<span class=\"dslc-icon dslc-icon-angle-right\"><\/span>\t\r\n\t\t\t\t\t\t\t\t\t\t\t\t\t\t\t\t\t\t\t\t\t\t\t\tContinuar leyendo\t\t\t\t\t\t\t\t\t\t\t<\/a>\r\n\t\t\t\t\t\t\t\t\t\t<\/div><!-- .dslc-blog-post-read-more -->\r\n\r\n\t\t\t\t\t\t\t\t\t\r\n\t\t\t\t\t\t\t\t<\/div><!-- .blog-post-main -->\r\n\r\n\t\t\t\t\t\t\t\t\r\n\t\t\t\t\t\t\t\t\r\n\t\t\t\t\t\t\t\r\n\t\t\t\t\t\t<\/div><!-- .dslc-blog-post -->\r\n\r\n\t\t\t\t\t\t\r\n\t\t\t\t\t\t<\/div><\/div><!-- .dslc-posts-inner -->\r\n\t\t\t\r\n\t\t\t\r\n\t<\/div><!-- .dslc-blog-posts -->\r\n\t\r\n\t\t\t\t<\/div><!-- .dslc-module -->\r\n\t\t<\/div><\/div><\/div><\/div><input type=\"hidden\" id=\"dslca-post-data-thumb\" value=\"https:\/\/alpha-pmconsulting.com\/wp-content\/uploads\/2024\/08\/50-on-training-expenses.jpg\" \/>","protected":false},"excerpt":{"rendered":"<p>\u2190 News Your company can be reimbursed by 50% on training expenses Alpha PM is a pre-approved trainer with the Employee Training Investment Program from the State of Illinois. Get more info here Contact us to apply About of our Training Service: We offer high-quality training services specifically designed to meet the unique needs of [&hellip;]<\/p>\n","protected":false},"author":1,"featured_media":179,"parent":0,"menu_order":0,"comment_status":"closed","ping_status":"closed","template":"","meta":{"footnotes":""},"class_list":["post-13","page","type-page","status-publish","has-post-thumbnail","hentry"],"yoast_head":"<!-- This site is optimized with the Yoast SEO plugin v27.1.1 - https:\/\/yoast.com\/product\/yoast-seo-wordpress\/ -->\n<title>Home | Alpha PM Consulting<\/title>\n<meta name=\"description\" content=\"Helping organizations execute strategy with project management, agile, and digital transformation for outstanding results.\" \/>\n<meta name=\"robots\" content=\"index, follow, max-snippet:-1, max-image-preview:large, max-video-preview:-1\" \/>\n<link rel=\"canonical\" href=\"https:\/\/alpha-pmconsulting.com\/es\/\" \/>\n<meta property=\"og:locale\" content=\"es_ES\" \/>\n<meta property=\"og:type\" content=\"article\" \/>\n<meta property=\"og:title\" content=\"Home | Alpha PM Consulting\" \/>\n<meta property=\"og:description\" content=\"Helping organizations execute strategy with project management, agile, and digital transformation for outstanding results.\" \/>\n<meta property=\"og:url\" content=\"https:\/\/alpha-pmconsulting.com\/es\/\" \/>\n<meta property=\"og:site_name\" content=\"Alpha PM Consulting\" \/>\n<meta property=\"article:modified_time\" content=\"2024-10-26T05:01:30+00:00\" \/>\n<meta property=\"og:image\" content=\"https:\/\/alpha-pmconsulting.com\/wp-content\/uploads\/2024\/10\/Alpha-PM-Consulting-2024.png.webp\" \/>\n\t<meta property=\"og:image:width\" content=\"1425\" \/>\n\t<meta property=\"og:image:height\" content=\"616\" \/>\n\t<meta property=\"og:image:type\" content=\"image\/webp\" \/>\n<meta name=\"twitter:card\" content=\"summary_large_image\" \/>\n<meta name=\"twitter:label1\" content=\"Est. reading time\" \/>\n\t<meta name=\"twitter:data1\" content=\"5 minutos\" \/>\n<script type=\"application\/ld+json\" class=\"yoast-schema-graph\">{\"@context\":\"https:\/\/schema.org\",\"@graph\":[{\"@type\":\"WebPage\",\"@id\":\"https:\/\/alpha-pmconsulting.com\/\",\"url\":\"https:\/\/alpha-pmconsulting.com\/\",\"name\":\"Home | Alpha PM Consulting\",\"isPartOf\":{\"@id\":\"https:\/\/alpha-pmconsulting.com\/#website\"},\"primaryImageOfPage\":{\"@id\":\"https:\/\/alpha-pmconsulting.com\/#primaryimage\"},\"image\":{\"@id\":\"https:\/\/alpha-pmconsulting.com\/#primaryimage\"},\"thumbnailUrl\":\"https:\/\/alpha-pmconsulting.com\/wp-content\/uploads\/2024\/10\/Alpha-PM-Consulting-2024.png.webp\",\"datePublished\":\"2024-06-26T03:32:39+00:00\",\"dateModified\":\"2024-10-26T05:01:30+00:00\",\"description\":\"Helping organizations execute strategy with project management, agile, and digital transformation for outstanding results.\",\"breadcrumb\":{\"@id\":\"https:\/\/alpha-pmconsulting.com\/#breadcrumb\"},\"inLanguage\":\"es\",\"potentialAction\":[{\"@type\":\"ReadAction\",\"target\":[\"https:\/\/alpha-pmconsulting.com\/\"]}]},{\"@type\":\"ImageObject\",\"inLanguage\":\"es\",\"@id\":\"https:\/\/alpha-pmconsulting.com\/#primaryimage\",\"url\":\"https:\/\/alpha-pmconsulting.com\/wp-content\/uploads\/2024\/10\/Alpha-PM-Consulting-2024.png.webp\",\"contentUrl\":\"https:\/\/alpha-pmconsulting.com\/wp-content\/uploads\/2024\/10\/Alpha-PM-Consulting-2024.png.webp\",\"width\":1425,\"height\":616,\"caption\":\"Alpha PM Consulting\"},{\"@type\":\"BreadcrumbList\",\"@id\":\"https:\/\/alpha-pmconsulting.com\/#breadcrumb\",\"itemListElement\":[{\"@type\":\"ListItem\",\"position\":1,\"name\":\"Portada\",\"item\":\"https:\/\/alpha-pmconsulting.com\/\"},{\"@type\":\"ListItem\",\"position\":2,\"name\":\"Home\"}]},{\"@type\":\"WebSite\",\"@id\":\"https:\/\/alpha-pmconsulting.com\/#website\",\"url\":\"https:\/\/alpha-pmconsulting.com\/\",\"name\":\"Alpha PM Consulting\",\"description\":\"Project Management, Organizational Agility and Digital Transformation Execution\",\"publisher\":{\"@id\":\"https:\/\/alpha-pmconsulting.com\/#organization\"},\"potentialAction\":[{\"@type\":\"SearchAction\",\"target\":{\"@type\":\"EntryPoint\",\"urlTemplate\":\"https:\/\/alpha-pmconsulting.com\/?s={search_term_string}\"},\"query-input\":{\"@type\":\"PropertyValueSpecification\",\"valueRequired\":true,\"valueName\":\"search_term_string\"}}],\"inLanguage\":\"es\"},{\"@type\":\"Organization\",\"@id\":\"https:\/\/alpha-pmconsulting.com\/#organization\",\"name\":\"Alpha PM Consulting\",\"url\":\"https:\/\/alpha-pmconsulting.com\/\",\"logo\":{\"@type\":\"ImageObject\",\"inLanguage\":\"es\",\"@id\":\"https:\/\/alpha-pmconsulting.com\/#\/schema\/logo\/image\/\",\"url\":\"https:\/\/alpha-pmconsulting.com\/wp-content\/uploads\/2024\/10\/Alpha-PM-Consulting-2024.png.webp\",\"contentUrl\":\"https:\/\/alpha-pmconsulting.com\/wp-content\/uploads\/2024\/10\/Alpha-PM-Consulting-2024.png.webp\",\"width\":1425,\"height\":616,\"caption\":\"Alpha PM Consulting\"},\"image\":{\"@id\":\"https:\/\/alpha-pmconsulting.com\/#\/schema\/logo\/image\/\"}}]}<\/script>\n<!-- \/ Yoast SEO plugin. -->","yoast_head_json":{"title":"Home | Alpha PM Consulting","description":"Helping organizations execute strategy with project management, agile, and digital transformation for outstanding results.","robots":{"index":"index","follow":"follow","max-snippet":"max-snippet:-1","max-image-preview":"max-image-preview:large","max-video-preview":"max-video-preview:-1"},"canonical":"https:\/\/alpha-pmconsulting.com\/es\/","og_locale":"es_ES","og_type":"article","og_title":"Home | Alpha PM Consulting","og_description":"Helping organizations execute strategy with project management, agile, and digital transformation for outstanding results.","og_url":"https:\/\/alpha-pmconsulting.com\/es\/","og_site_name":"Alpha PM Consulting","article_modified_time":"2024-10-26T05:01:30+00:00","og_image":[{"width":1425,"height":616,"url":"https:\/\/alpha-pmconsulting.com\/wp-content\/uploads\/2024\/10\/Alpha-PM-Consulting-2024.png.webp","type":"image\/webp"}],"twitter_card":"summary_large_image","twitter_misc":{"Est. reading time":"5 minutos"},"schema":{"@context":"https:\/\/schema.org","@graph":[{"@type":"WebPage","@id":"https:\/\/alpha-pmconsulting.com\/","url":"https:\/\/alpha-pmconsulting.com\/","name":"Home | Alpha PM Consulting","isPartOf":{"@id":"https:\/\/alpha-pmconsulting.com\/#website"},"primaryImageOfPage":{"@id":"https:\/\/alpha-pmconsulting.com\/#primaryimage"},"image":{"@id":"https:\/\/alpha-pmconsulting.com\/#primaryimage"},"thumbnailUrl":"https:\/\/alpha-pmconsulting.com\/wp-content\/uploads\/2024\/10\/Alpha-PM-Consulting-2024.png.webp","datePublished":"2024-06-26T03:32:39+00:00","dateModified":"2024-10-26T05:01:30+00:00","description":"Helping organizations execute strategy with project management, agile, and digital transformation for outstanding results.","breadcrumb":{"@id":"https:\/\/alpha-pmconsulting.com\/#breadcrumb"},"inLanguage":"es","potentialAction":[{"@type":"ReadAction","target":["https:\/\/alpha-pmconsulting.com\/"]}]},{"@type":"ImageObject","inLanguage":"es","@id":"https:\/\/alpha-pmconsulting.com\/#primaryimage","url":"https:\/\/alpha-pmconsulting.com\/wp-content\/uploads\/2024\/10\/Alpha-PM-Consulting-2024.png.webp","contentUrl":"https:\/\/alpha-pmconsulting.com\/wp-content\/uploads\/2024\/10\/Alpha-PM-Consulting-2024.png.webp","width":1425,"height":616,"caption":"Alpha PM Consulting"},{"@type":"BreadcrumbList","@id":"https:\/\/alpha-pmconsulting.com\/#breadcrumb","itemListElement":[{"@type":"ListItem","position":1,"name":"Portada","item":"https:\/\/alpha-pmconsulting.com\/"},{"@type":"ListItem","position":2,"name":"Home"}]},{"@type":"WebSite","@id":"https:\/\/alpha-pmconsulting.com\/#website","url":"https:\/\/alpha-pmconsulting.com\/","name":"Alpha PM Consulting","description":"Project Management, Organizational Agility and Digital Transformation Execution","publisher":{"@id":"https:\/\/alpha-pmconsulting.com\/#organization"},"potentialAction":[{"@type":"SearchAction","target":{"@type":"EntryPoint","urlTemplate":"https:\/\/alpha-pmconsulting.com\/?s={search_term_string}"},"query-input":{"@type":"PropertyValueSpecification","valueRequired":true,"valueName":"search_term_string"}}],"inLanguage":"es"},{"@type":"Organization","@id":"https:\/\/alpha-pmconsulting.com\/#organization","name":"Alpha PM Consulting","url":"https:\/\/alpha-pmconsulting.com\/","logo":{"@type":"ImageObject","inLanguage":"es","@id":"https:\/\/alpha-pmconsulting.com\/#\/schema\/logo\/image\/","url":"https:\/\/alpha-pmconsulting.com\/wp-content\/uploads\/2024\/10\/Alpha-PM-Consulting-2024.png.webp","contentUrl":"https:\/\/alpha-pmconsulting.com\/wp-content\/uploads\/2024\/10\/Alpha-PM-Consulting-2024.png.webp","width":1425,"height":616,"caption":"Alpha PM Consulting"},"image":{"@id":"https:\/\/alpha-pmconsulting.com\/#\/schema\/logo\/image\/"}}]}},"_links":{"self":[{"href":"https:\/\/alpha-pmconsulting.com\/es\/wp-json\/wp\/v2\/pages\/13","targetHints":{"allow":["GET"]}}],"collection":[{"href":"https:\/\/alpha-pmconsulting.com\/es\/wp-json\/wp\/v2\/pages"}],"about":[{"href":"https:\/\/alpha-pmconsulting.com\/es\/wp-json\/wp\/v2\/types\/page"}],"author":[{"embeddable":true,"href":"https:\/\/alpha-pmconsulting.com\/es\/wp-json\/wp\/v2\/users\/1"}],"replies":[{"embeddable":true,"href":"https:\/\/alpha-pmconsulting.com\/es\/wp-json\/wp\/v2\/comments?post=13"}],"version-history":[{"count":2,"href":"https:\/\/alpha-pmconsulting.com\/es\/wp-json\/wp\/v2\/pages\/13\/revisions"}],"predecessor-version":[{"id":23,"href":"https:\/\/alpha-pmconsulting.com\/es\/wp-json\/wp\/v2\/pages\/13\/revisions\/23"}],"wp:featuredmedia":[{"embeddable":true,"href":"https:\/\/alpha-pmconsulting.com\/es\/wp-json\/wp\/v2\/media\/179"}],"wp:attachment":[{"href":"https:\/\/alpha-pmconsulting.com\/es\/wp-json\/wp\/v2\/media?parent=13"}],"curies":[{"name":"wp","href":"https:\/\/api.w.org\/{rel}","templated":true}]}}