{"id":135,"date":"2024-07-31T00:42:53","date_gmt":"2024-07-31T00:42:53","guid":{"rendered":"https:\/\/alpha-pmconsulting.com\/?page_id=135"},"modified":"2024-10-26T05:11:15","modified_gmt":"2024-10-26T05:11:15","slug":"team-building","status":"publish","type":"page","link":"https:\/\/alpha-pmconsulting.com\/es\/services\/corporate-retreats\/team-building\/","title":{"rendered":"Team Building"},"content":{"rendered":"<div id=\"dslc-theme-content\"><div id=\"dslc-theme-content-inner\"><div id=\"dslc-main\">\n<div  class=\"dslc-modules-section\" style=\"padding-bottom:100px;padding-top:100px;\" data-section-id=\"0dd8f20be4d\">\n<div class=\"dslc-modules-section-wrapper dslc-clearfix\">\n<style type=\"text\/css\" id=\"dslca-modules-area-\"><\/style>\n<div  class=\"dslc-modules-area dslc-col dslc-12-col dslc-last-col dslc-valign-\" data-size=\"12\" data-valign=\"\" data-modules-area-id=\"\" >\n<div id=\"dslc-module-43a16e1060f\" class=\"dslc-module-front dslc-module-DSLC_Text_Simple dslc-in-viewport-check dslc-in-viewport-anim-none  dslc-col dslc-12-col dslc-last-col  dslc-module-handle-like-regular\" data-module-id=\"43a16e1060f\" data-module=\"DSLC_Text_Simple\" data-dslc-module-size=\"12\" data-dslc-anim=\"none\" data-dslc-anim-delay=\"\" data-dslc-anim-duration=\"650\"  data-dslc-anim-easing=\"ease\" data-dslc-preset=\"none\" >\n<div class=\"dslc-text-module-content\">\n<p>\u2190 <a href=\"https:\/\/alpha-pmconsulting.com\/es\/services\/corporate-retreats\/\">Regresar a Retiros Corporativos<\/a><\/p>\n<h1>\u00a0<\/h1>\n<h1>Construcci\u00f3n de equipos<\/h1>\n<\/p><\/div>\n<\/p><\/div>\n<p><!-- .dslc-module --><\/p>\n<div id=\"dslc-module-edb42583bed\" class=\"dslc-module-front dslc-module-DSLC_Shortcode dslc-in-viewport-check dslc-in-viewport-anim-none  dslc-col dslc-12-col dslc-last-col  dslc-module-handle-like-regular\" data-module-id=\"edb42583bed\" data-module=\"DSLC_Shortcode\" data-dslc-module-size=\"12\" data-dslc-anim=\"none\" data-dslc-anim-delay=\"\" data-dslc-anim-duration=\"650\"  data-dslc-anim-easing=\"ease\" data-dslc-preset=\"none\" >\n<div class=\"dslc-module-shortcode\">\n\t\t\t\t\t<\/div>\n<\/p><\/div>\n<p><!-- .dslc-module --><\/p>\n<div id=\"dslc-module-880c928014f\" class=\"dslc-module-front dslc-module-DSLC_Separator dslc-in-viewport-check dslc-in-viewport-anim-none  dslc-col dslc-12-col dslc-last-col dslc-hide-on-phone  dslc-module-handle-like-regular\" data-module-id=\"880c928014f\" data-module=\"DSLC_Separator\" data-dslc-module-size=\"12\" data-dslc-anim=\"none\" data-dslc-anim-delay=\"\" data-dslc-anim-duration=\"650\"  data-dslc-anim-easing=\"ease\" data-dslc-preset=\"none\" >\n<div class=\"dslc-separator-wrapper\">\n<div class=\"dslc-separator dslc-separator-style-invisible\">\n\t\t\t\t\t\t\t\t\t<\/div>\n<div><\/div>\n<\/p><\/div>\n<p><!-- .dslc-separator-wrapper --><\/p><\/div>\n<p><!-- .dslc-module --><\/p>\n<div id=\"dslc-module-2d06f5eb564\" class=\"dslc-module-front dslc-module-DSLC_Separator dslc-in-viewport-check dslc-in-viewport-anim-none  dslc-col dslc-1-col dslc-hide-on-phone  dslc-module-handle-like-regular\" data-module-id=\"2d06f5eb564\" data-module=\"DSLC_Separator\" data-dslc-module-size=\"1\" data-dslc-anim=\"none\" data-dslc-anim-delay=\"\" data-dslc-anim-duration=\"650\"  data-dslc-anim-easing=\"ease\" data-dslc-preset=\"none\" >\n<div class=\"dslc-separator-wrapper\">\n<div class=\"dslc-separator dslc-separator-style-invisible\">\n\t\t\t\t\t\t\t\t\t<\/div>\n<div><\/div>\n<\/p><\/div>\n<p><!-- .dslc-separator-wrapper --><\/p><\/div>\n<p><!-- .dslc-module --><\/p>\n<div id=\"dslc-module-c693de245a0\" class=\"dslc-module-front dslc-module-DSLC_Text_Simple dslc-in-viewport-check dslc-in-viewport-anim-none  dslc-col dslc-10-col  dslc-module-handle-like-regular\" data-module-id=\"c693de245a0\" data-module=\"DSLC_Text_Simple\" data-dslc-module-size=\"10\" data-dslc-anim=\"none\" data-dslc-anim-delay=\"\" data-dslc-anim-duration=\"650\"  data-dslc-anim-easing=\"ease\" data-dslc-preset=\"none\" >\n<div class=\"dslc-text-module-content\">\n<p style=\"font-weight: 400;\">Desarrollando habilidades clave para el \u00e9xito en la Gesti\u00f3n de Proyectos en la serenidad del Lago de Atitl\u00e1n y el encanto hist\u00f3rico de Antigua Guatemala.<\/p>\n<p>\u00a0<\/p>\n<p style=\"font-weight: 400;\">Mejora las capacidades de tu equipo y lleva la gesti\u00f3n de proyectos al siguiente nivel.<\/p>\n<ul>\n<li>Estos retiros ofrecen oportunidades para transformar desaf\u00edos en caminos de crecimiento y desarrollo. Al cultivar habilidades cruciales como la comunicaci\u00f3n efectiva, el liderazgo inspirador, la resoluci\u00f3n creativa y colectiva de problemas, y la toma de decisiones estrat\u00e9gicas, impulsamos el crecimiento y la rentabilidad del negocio. La retenci\u00f3n de empleados se convierte en un resultado natural de este enfoque hol\u00edstico, asegurando que nuestro equipo se mantenga motivado, innovador y comprometido con el \u00e9xito de los proyectos.<\/li>\n<li>Sumerge a tu equipo en la impresionante belleza de Guatemala para vivir una experiencia \u00fanica mientras desarrollan habilidades esenciales que les ser\u00e1n \u00fatiles en la vida cotidiana y en la ejecuci\u00f3n de la estrategia de tu empresa. Estas experiencias ayudar\u00e1n a tu equipo a colaborar para superar obst\u00e1culos, construir confianza y establecer una cultura de colaboraci\u00f3n y alto rendimiento, fundamentales para el \u00e9xito.<\/li>\n<\/ul>\n<p style=\"font-weight: 400;\">Forja un equipo cohesionado y altamente efectivo, preparado para enfrentar cualquier desaf\u00edo.<\/p>\n<ul>\n<li>Fomentamos que los grupos colaboren para superar obst\u00e1culos, construir confianza y establecer una cultura de colaboraci\u00f3n y alto rendimiento, todos elementos fundamentales para una gesti\u00f3n de proyectos exitosa.<\/li>\n<\/ul><\/div>\n<\/p><\/div>\n<p><!-- .dslc-module -->\n\t\t<\/div>\n<style type=\"text\/css\" id=\"dslca-modules-area-\"><\/style>\n<div  class=\"dslc-modules-area dslc-col dslc-12-col dslc-last-col dslc-valign-undefined\" data-size=\"12\" data-valign=\"undefined\" data-modules-area-id=\"\" >\n<div id=\"dslc-module-4d8d3dd94c9\" class=\"dslc-module-front dslc-module-DSLC_Separator dslc-in-viewport-check dslc-in-viewport-anim-none  dslc-col dslc-12-col dslc-last-col dslc-hide-on-phone  dslc-module-handle-like-regular\" data-module-id=\"4d8d3dd94c9\" data-module=\"DSLC_Separator\" data-dslc-module-size=\"12\" data-dslc-anim=\"none\" data-dslc-anim-delay=\"\" data-dslc-anim-duration=\"650\"  data-dslc-anim-easing=\"ease\" data-dslc-preset=\"none\" >\n<div class=\"dslc-separator-wrapper\">\n<div class=\"dslc-separator dslc-separator-style-solid\">\n\t\t\t\t\t\t\t\t\t<\/div>\n<div><\/div>\n<\/p><\/div>\n<p><!-- .dslc-separator-wrapper --><\/p><\/div>\n<p><!-- .dslc-module --><\/p>\n<div id=\"dslc-module-94ff25926dd\" class=\"dslc-module-front dslc-module-DSLC_Text_Simple dslc-in-viewport-check dslc-in-viewport-anim-none  dslc-col dslc-2-col  dslc-module-handle-like-regular\" data-module-id=\"94ff25926dd\" data-module=\"DSLC_Text_Simple\" data-dslc-module-size=\"2\" data-dslc-anim=\"none\" data-dslc-anim-delay=\"\" data-dslc-anim-duration=\"650\"  data-dslc-anim-easing=\"ease\" data-dslc-preset=\"none\" >\n<div class=\"dslc-text-module-content\">\n<h1>M\u00e1s servicios<\/h1>\n<\/p><\/div>\n<\/p><\/div>\n<p><!-- .dslc-module --><\/p>\n<div id=\"dslc-module-21b3d3758bf\" class=\"dslc-module-front dslc-module-DSLC_Info_Box dslc-in-viewport-check dslc-in-viewport-anim-none  dslc-col dslc-3-col  dslc-module-handle-like-regular\" data-module-id=\"21b3d3758bf\" data-module=\"DSLC_Info_Box\" data-dslc-module-size=\"3\" data-dslc-anim=\"none\" data-dslc-anim-delay=\"\" data-dslc-anim-duration=\"650\"  data-dslc-anim-easing=\"ease\" data-dslc-preset=\"none\" >\n<div class=\"dslc-info-box dslc-info-box-icon-pos-aside dslc-info-box-image-pos-above\">\n<div class=\"dslc-info-box-wrapper\">\n<div class=\"dslc-info-box-main-wrap dslc-clearfix\">\n<div class=\"dslc-info-box-image\">\n<div class=\"dslc-info-box-image-inner\">\n\t\t\t\t\t\t\t\t\t\t\t\t\t\t\t\t\t\t\t<span class=\"dslc-icon dslc-icon-angle-double-right\"><\/span>\n\t\t\t\t\t\t\t\t\t\t\t\t\t\t\t\t\t\t\t\t\t\t\t\t\t\t<\/div>\n<p><!-- .dslc-info-box-image-inner -->\n\t\t\t\t\t\t\t<\/div>\n<p><!-- .dslc-info-box-image --><\/p>\n<div class=\"dslc-info-box-main\">\n<div class=\"dslc-info-box-content\">\n<p><a href=\"https:\/\/alpha-pmconsulting.com\/es\/services\/staffing\/\">Gesti\u00f3n de Talento<\/a><\/p>\n<\/p><\/div>\n<p><!-- .dslc-info-box-content --><\/p><\/div>\n<p><!-- .dslc-info-box-main --><\/p><\/div>\n<p><!-- .dslc-info-box-main-wrap --><\/p><\/div>\n<p><!-- .dslc-info-box-wrapper --><\/p><\/div>\n<p><!-- .dslc-info-box --><\/p><\/div>\n<p><!-- .dslc-module --><\/p>\n<div id=\"dslc-module-860935e4d3f\" class=\"dslc-module-front dslc-module-DSLC_Info_Box dslc-in-viewport-check dslc-in-viewport-anim-none  dslc-col dslc-3-col  dslc-module-handle-like-regular\" data-module-id=\"860935e4d3f\" data-module=\"DSLC_Info_Box\" data-dslc-module-size=\"3\" data-dslc-anim=\"none\" data-dslc-anim-delay=\"\" data-dslc-anim-duration=\"650\"  data-dslc-anim-easing=\"ease\" data-dslc-preset=\"none\" >\n<div class=\"dslc-info-box dslc-info-box-icon-pos-aside dslc-info-box-image-pos-above\">\n<div class=\"dslc-info-box-wrapper\">\n<div class=\"dslc-info-box-main-wrap dslc-clearfix\">\n<div class=\"dslc-info-box-image\">\n<div class=\"dslc-info-box-image-inner\">\n\t\t\t\t\t\t\t\t\t\t\t\t\t\t\t\t\t\t\t<span class=\"dslc-icon dslc-icon-angle-double-right\"><\/span>\n\t\t\t\t\t\t\t\t\t\t\t\t\t\t\t\t\t\t\t\t\t\t\t\t\t\t<\/div>\n<p><!-- .dslc-info-box-image-inner -->\n\t\t\t\t\t\t\t<\/div>\n<p><!-- .dslc-info-box-image --><\/p>\n<div class=\"dslc-info-box-main\">\n<div class=\"dslc-info-box-content\">\n<p><a href=\"https:\/\/alpha-pmconsulting.com\/es\/services\/consulting-and-coaching\/\">Consultor\u00eda y Mentor\u00eda<\/a><\/p>\n<\/p><\/div>\n<p><!-- .dslc-info-box-content --><\/p><\/div>\n<p><!-- .dslc-info-box-main --><\/p><\/div>\n<p><!-- .dslc-info-box-main-wrap --><\/p><\/div>\n<p><!-- .dslc-info-box-wrapper --><\/p><\/div>\n<p><!-- .dslc-info-box --><\/p><\/div>\n<p><!-- .dslc-module --><\/p>\n<div id=\"dslc-module-ed3f7d6f040\" class=\"dslc-module-front dslc-module-DSLC_Info_Box dslc-in-viewport-check dslc-in-viewport-anim-none  dslc-col dslc-3-col  dslc-module-handle-like-regular\" data-module-id=\"ed3f7d6f040\" data-module=\"DSLC_Info_Box\" data-dslc-module-size=\"3\" data-dslc-anim=\"none\" data-dslc-anim-delay=\"\" data-dslc-anim-duration=\"650\"  data-dslc-anim-easing=\"ease\" data-dslc-preset=\"none\" >\n<div class=\"dslc-info-box dslc-info-box-icon-pos-aside dslc-info-box-image-pos-above\">\n<div class=\"dslc-info-box-wrapper\">\n<div class=\"dslc-info-box-main-wrap dslc-clearfix\">\n<div class=\"dslc-info-box-image\">\n<div class=\"dslc-info-box-image-inner\">\n\t\t\t\t\t\t\t\t\t\t\t\t\t\t\t\t\t\t\t<span class=\"dslc-icon dslc-icon-angle-double-right\"><\/span>\n\t\t\t\t\t\t\t\t\t\t\t\t\t\t\t\t\t\t\t\t\t\t\t\t\t\t<\/div>\n<p><!-- .dslc-info-box-image-inner -->\n\t\t\t\t\t\t\t<\/div>\n<p><!-- .dslc-info-box-image --><\/p>\n<div class=\"dslc-info-box-main\">\n<div class=\"dslc-info-box-content\">\n<p><a href=\"https:\/\/alpha-pmconsulting.com\/es\/services\/training\/\" target=\"_blank\" rel=\"noopener\">Entrenamiento<\/a><\/p>\n<\/p><\/div>\n<p><!-- .dslc-info-box-content --><\/p><\/div>\n<p><!-- .dslc-info-box-main --><\/p><\/div>\n<p><!-- .dslc-info-box-main-wrap --><\/p><\/div>\n<p><!-- .dslc-info-box-wrapper --><\/p><\/div>\n<p><!-- .dslc-info-box --><\/p><\/div>\n<p><!-- .dslc-module --><\/p>\n<div id=\"dslc-module-aeb79e5672c\" class=\"dslc-module-front dslc-module-DSLC_Separator dslc-in-viewport-check dslc-in-viewport-anim-none  dslc-col dslc-12-col  dslc-module-handle-like-regular\" data-module-id=\"aeb79e5672c\" data-module=\"DSLC_Separator\" data-dslc-module-size=\"12\" data-dslc-anim=\"none\" data-dslc-anim-delay=\"\" data-dslc-anim-duration=\"650\"  data-dslc-anim-easing=\"ease\" data-dslc-preset=\"none\" >\n<div class=\"dslc-separator-wrapper\">\n<div class=\"dslc-separator dslc-separator-style-invisible\">\n\t\t\t\t\t\t\t\t\t<\/div>\n<div><\/div>\n<\/p><\/div>\n<p><!-- .dslc-separator-wrapper --><\/p><\/div>\n<p><!-- .dslc-module --><\/p>\n<div id=\"dslc-module-9d9bda05456\" class=\"dslc-module-front dslc-module-DSLC_Text_Simple dslc-in-viewport-check dslc-in-viewport-anim-none  dslc-col dslc-12-col  dslc-module-handle-like-regular\" data-module-id=\"9d9bda05456\" data-module=\"DSLC_Text_Simple\" data-dslc-module-size=\"12\" data-dslc-anim=\"none\" data-dslc-anim-delay=\"\" data-dslc-anim-duration=\"650\"  data-dslc-anim-easing=\"ease\" data-dslc-preset=\"none\" >\n<div class=\"dslc-text-module-content\">\n<h1>\u00a1Cont\u00e1ctanos hoy para una cotizaci\u00f3n personalizada!<\/h1>\n<\/p><\/div>\n<\/p><\/div>\n<p><!-- .dslc-module --><\/p>\n<div id=\"dslc-module-560ff299349\" class=\"dslc-module-front dslc-module-DSLC_Button dslc-in-viewport-check dslc-in-viewport-anim-none  dslc-col dslc-12-col  dslc-module-handle-like-regular\" data-module-id=\"560ff299349\" data-module=\"DSLC_Button\" data-dslc-module-size=\"12\" data-dslc-anim=\"none\" data-dslc-anim-delay=\"\" data-dslc-anim-duration=\"650\"  data-dslc-anim-easing=\"ease\" data-dslc-preset=\"none\" >\n<div class=\"dslc-button\">\n\t\t\t\t\t\t\t\t\t<a href=\"https:\/\/alpha-pmconsulting.com\/es\/contact\/\" target=\"_self\"  onclick=\"\" class=\"\"><br \/>\n\t\t\t\t\t\t\t\t\t\t\t\t\t\t\t\t\t\t\t<span>Agenda una cita<\/span><br \/>\n\t\t\t\t\t\t\t\t\t\t\t\t\t\t\t\t\t\t\t\t\t\t\t\t\t\t\t<span class=\"dslc-icon dslc-icon-arrow-right\"><\/span><br \/>\n\t\t\t\t\t\t\t\t\t\t\t\t\t\t\t\t\t\t<\/a>\n\t\t\t\t\t\t\t<\/div>\n<p><!-- .dslc-button --><\/p><\/div>\n<p><!-- .dslc-module -->\n\t\t<\/div>\n<\/div>\n<\/div>\n<\/div>\n<\/div><\/div>","protected":false},"excerpt":{"rendered":"<p>\u2190 Back to corporate retreats \u00a0 Team building Developing key skills for Project Management success in the serenity of Lake Atitlan and the historical charm of Antigua Guatemala \u00a0 Enhance your team's capabilities and elevate project management to the next level. These retreats provide opportunities to transform challenges into avenues for growth and development. By [&hellip;]<\/p>\n","protected":false},"author":1,"featured_media":0,"parent":75,"menu_order":0,"comment_status":"closed","ping_status":"closed","template":"","meta":{"footnotes":""},"class_list":["post-135","page","type-page","status-publish","hentry"],"yoast_head":"<!-- This site is optimized with the Yoast SEO plugin v27.3 - https:\/\/yoast.com\/product\/yoast-seo-wordpress\/ -->\n<title>Team Building | Alpha PM Consulting<\/title>\n<meta name=\"description\" content=\"Developing key skills for Project Management success in the serenity of Lake Atitlan and the historical charm of Antigua Guatemala\" \/>\n<meta name=\"robots\" content=\"index, follow, max-snippet:-1, max-image-preview:large, max-video-preview:-1\" \/>\n<link rel=\"canonical\" href=\"https:\/\/alpha-pmconsulting.com\/es\/services\/corporate-retreats\/team-building\/\" \/>\n<meta property=\"og:locale\" content=\"es_ES\" \/>\n<meta property=\"og:type\" content=\"article\" \/>\n<meta property=\"og:title\" content=\"Team Building | Alpha PM Consulting\" \/>\n<meta property=\"og:description\" content=\"Developing key skills for Project Management success in the serenity of Lake Atitlan and the historical charm of Antigua Guatemala\" \/>\n<meta property=\"og:url\" content=\"https:\/\/alpha-pmconsulting.com\/es\/services\/corporate-retreats\/team-building\/\" \/>\n<meta property=\"og:site_name\" content=\"Alpha PM Consulting\" \/>\n<meta property=\"article:modified_time\" content=\"2024-10-26T05:11:15+00:00\" \/>\n<meta name=\"twitter:card\" content=\"summary_large_image\" \/>\n<meta name=\"twitter:label1\" content=\"Est. reading time\" \/>\n\t<meta name=\"twitter:data1\" content=\"1 minuto\" \/>\n<script type=\"application\/ld+json\" class=\"yoast-schema-graph\">{\"@context\":\"https:\\\/\\\/schema.org\",\"@graph\":[{\"@type\":\"WebPage\",\"@id\":\"https:\\\/\\\/alpha-pmconsulting.com\\\/services\\\/corporate-retreats\\\/team-building\\\/\",\"url\":\"https:\\\/\\\/alpha-pmconsulting.com\\\/services\\\/corporate-retreats\\\/team-building\\\/\",\"name\":\"Team Building | Alpha PM Consulting\",\"isPartOf\":{\"@id\":\"https:\\\/\\\/alpha-pmconsulting.com\\\/#website\"},\"datePublished\":\"2024-07-31T00:42:53+00:00\",\"dateModified\":\"2024-10-26T05:11:15+00:00\",\"description\":\"Developing key skills for Project Management success in the serenity of Lake Atitlan and the historical charm of Antigua Guatemala\",\"breadcrumb\":{\"@id\":\"https:\\\/\\\/alpha-pmconsulting.com\\\/services\\\/corporate-retreats\\\/team-building\\\/#breadcrumb\"},\"inLanguage\":\"es\",\"potentialAction\":[{\"@type\":\"ReadAction\",\"target\":[\"https:\\\/\\\/alpha-pmconsulting.com\\\/services\\\/corporate-retreats\\\/team-building\\\/\"]}]},{\"@type\":\"BreadcrumbList\",\"@id\":\"https:\\\/\\\/alpha-pmconsulting.com\\\/services\\\/corporate-retreats\\\/team-building\\\/#breadcrumb\",\"itemListElement\":[{\"@type\":\"ListItem\",\"position\":1,\"name\":\"Portada\",\"item\":\"https:\\\/\\\/alpha-pmconsulting.com\\\/\"},{\"@type\":\"ListItem\",\"position\":2,\"name\":\"Services\",\"item\":\"https:\\\/\\\/alpha-pmconsulting.com\\\/services\\\/\"},{\"@type\":\"ListItem\",\"position\":3,\"name\":\"Corporate Retreats\",\"item\":\"https:\\\/\\\/alpha-pmconsulting.com\\\/services\\\/corporate-retreats\\\/\"},{\"@type\":\"ListItem\",\"position\":4,\"name\":\"Team Building\"}]},{\"@type\":\"WebSite\",\"@id\":\"https:\\\/\\\/alpha-pmconsulting.com\\\/#website\",\"url\":\"https:\\\/\\\/alpha-pmconsulting.com\\\/\",\"name\":\"Alpha PM Consulting\",\"description\":\"Project Management, Organizational Agility and Digital Transformation Execution\",\"publisher\":{\"@id\":\"https:\\\/\\\/alpha-pmconsulting.com\\\/#organization\"},\"potentialAction\":[{\"@type\":\"SearchAction\",\"target\":{\"@type\":\"EntryPoint\",\"urlTemplate\":\"https:\\\/\\\/alpha-pmconsulting.com\\\/?s={search_term_string}\"},\"query-input\":{\"@type\":\"PropertyValueSpecification\",\"valueRequired\":true,\"valueName\":\"search_term_string\"}}],\"inLanguage\":\"es\"},{\"@type\":\"Organization\",\"@id\":\"https:\\\/\\\/alpha-pmconsulting.com\\\/#organization\",\"name\":\"Alpha PM Consulting\",\"url\":\"https:\\\/\\\/alpha-pmconsulting.com\\\/\",\"logo\":{\"@type\":\"ImageObject\",\"inLanguage\":\"es\",\"@id\":\"https:\\\/\\\/alpha-pmconsulting.com\\\/#\\\/schema\\\/logo\\\/image\\\/\",\"url\":\"https:\\\/\\\/alpha-pmconsulting.com\\\/wp-content\\\/uploads\\\/2024\\\/10\\\/Alpha-PM-Consulting-2024.png.webp\",\"contentUrl\":\"https:\\\/\\\/alpha-pmconsulting.com\\\/wp-content\\\/uploads\\\/2024\\\/10\\\/Alpha-PM-Consulting-2024.png.webp\",\"width\":1425,\"height\":616,\"caption\":\"Alpha PM Consulting\"},\"image\":{\"@id\":\"https:\\\/\\\/alpha-pmconsulting.com\\\/#\\\/schema\\\/logo\\\/image\\\/\"}}]}<\/script>\n<!-- \/ Yoast SEO plugin. -->","yoast_head_json":{"title":"Team Building | Alpha PM Consulting","description":"Desarrollando habilidades clave para el \u00e9xito en la Gesti\u00f3n de Proyectos en la serenidad del Lago de Atitl\u00e1n y el encanto hist\u00f3rico de Antigua Guatemala.","robots":{"index":"index","follow":"follow","max-snippet":"max-snippet:-1","max-image-preview":"max-image-preview:large","max-video-preview":"max-video-preview:-1"},"canonical":"https:\/\/alpha-pmconsulting.com\/es\/services\/corporate-retreats\/team-building\/","og_locale":"es_ES","og_type":"article","og_title":"Team Building | Alpha PM Consulting","og_description":"Developing key skills for Project Management success in the serenity of Lake Atitlan and the historical charm of Antigua Guatemala","og_url":"https:\/\/alpha-pmconsulting.com\/es\/services\/corporate-retreats\/team-building\/","og_site_name":"Alpha PM Consulting","article_modified_time":"2024-10-26T05:11:15+00:00","twitter_card":"summary_large_image","twitter_misc":{"Est. reading time":"1 minuto"},"schema":{"@context":"https:\/\/schema.org","@graph":[{"@type":"WebPage","@id":"https:\/\/alpha-pmconsulting.com\/services\/corporate-retreats\/team-building\/","url":"https:\/\/alpha-pmconsulting.com\/services\/corporate-retreats\/team-building\/","name":"Team Building | Alpha PM Consulting","isPartOf":{"@id":"https:\/\/alpha-pmconsulting.com\/#website"},"datePublished":"2024-07-31T00:42:53+00:00","dateModified":"2024-10-26T05:11:15+00:00","description":"Desarrollando habilidades clave para el \u00e9xito en la Gesti\u00f3n de Proyectos en la serenidad del Lago de Atitl\u00e1n y el encanto hist\u00f3rico de Antigua Guatemala.","breadcrumb":{"@id":"https:\/\/alpha-pmconsulting.com\/services\/corporate-retreats\/team-building\/#breadcrumb"},"inLanguage":"es","potentialAction":[{"@type":"ReadAction","target":["https:\/\/alpha-pmconsulting.com\/services\/corporate-retreats\/team-building\/"]}]},{"@type":"BreadcrumbList","@id":"https:\/\/alpha-pmconsulting.com\/services\/corporate-retreats\/team-building\/#breadcrumb","itemListElement":[{"@type":"ListItem","position":1,"name":"Portada","item":"https:\/\/alpha-pmconsulting.com\/"},{"@type":"ListItem","position":2,"name":"Services","item":"https:\/\/alpha-pmconsulting.com\/services\/"},{"@type":"ListItem","position":3,"name":"Corporate Retreats","item":"https:\/\/alpha-pmconsulting.com\/services\/corporate-retreats\/"},{"@type":"ListItem","position":4,"name":"Team Building"}]},{"@type":"WebSite","@id":"https:\/\/alpha-pmconsulting.com\/#website","url":"https:\/\/alpha-pmconsulting.com\/","name":"Alpha PM Consulting","description":"Project Management, Organizational Agility and Digital Transformation Execution","publisher":{"@id":"https:\/\/alpha-pmconsulting.com\/#organization"},"potentialAction":[{"@type":"SearchAction","target":{"@type":"EntryPoint","urlTemplate":"https:\/\/alpha-pmconsulting.com\/?s={search_term_string}"},"query-input":{"@type":"PropertyValueSpecification","valueRequired":true,"valueName":"search_term_string"}}],"inLanguage":"es"},{"@type":"Organization","@id":"https:\/\/alpha-pmconsulting.com\/#organization","name":"Alpha PM Consulting","url":"https:\/\/alpha-pmconsulting.com\/","logo":{"@type":"ImageObject","inLanguage":"es","@id":"https:\/\/alpha-pmconsulting.com\/#\/schema\/logo\/image\/","url":"https:\/\/alpha-pmconsulting.com\/wp-content\/uploads\/2024\/10\/Alpha-PM-Consulting-2024.png.webp","contentUrl":"https:\/\/alpha-pmconsulting.com\/wp-content\/uploads\/2024\/10\/Alpha-PM-Consulting-2024.png.webp","width":1425,"height":616,"caption":"Alpha PM Consulting"},"image":{"@id":"https:\/\/alpha-pmconsulting.com\/#\/schema\/logo\/image\/"}}]}},"_links":{"self":[{"href":"https:\/\/alpha-pmconsulting.com\/es\/wp-json\/wp\/v2\/pages\/135","targetHints":{"allow":["GET"]}}],"collection":[{"href":"https:\/\/alpha-pmconsulting.com\/es\/wp-json\/wp\/v2\/pages"}],"about":[{"href":"https:\/\/alpha-pmconsulting.com\/es\/wp-json\/wp\/v2\/types\/page"}],"author":[{"embeddable":true,"href":"https:\/\/alpha-pmconsulting.com\/es\/wp-json\/wp\/v2\/users\/1"}],"replies":[{"embeddable":true,"href":"https:\/\/alpha-pmconsulting.com\/es\/wp-json\/wp\/v2\/comments?post=135"}],"version-history":[{"count":1,"href":"https:\/\/alpha-pmconsulting.com\/es\/wp-json\/wp\/v2\/pages\/135\/revisions"}],"predecessor-version":[{"id":136,"href":"https:\/\/alpha-pmconsulting.com\/es\/wp-json\/wp\/v2\/pages\/135\/revisions\/136"}],"up":[{"embeddable":true,"href":"https:\/\/alpha-pmconsulting.com\/es\/wp-json\/wp\/v2\/pages\/75"}],"wp:attachment":[{"href":"https:\/\/alpha-pmconsulting.com\/es\/wp-json\/wp\/v2\/media?parent=135"}],"curies":[{"name":"wp","href":"https:\/\/api.w.org\/{rel}","templated":true}]}}